{"id":23365551,"date":"2025-06-05T19:49:29","date_gmt":"2025-06-05T18:49:29","guid":{"rendered":"https:\/\/alvstalodges.se\/success_message\/"},"modified":"2025-06-05T19:49:30","modified_gmt":"2025-06-05T18:49:30","slug":"success_message","status":"publish","type":"page","link":"https:\/\/alvstalodges.se\/nl\/success_message\/","title":{"rendered":"success_message"},"content":{"rendered":"<p>[et_pb_section fb_built=&#8221;1&#8243; disabled_on=&#8221;on|off|off&#8221; _builder_version=&#8221;4.27.4&#8243; _module_preset=&#8221;default&#8221; background_color=&#8221;#5F7158&#8243; use_background_color_gradient=&#8221;on&#8221; background_color_gradient_stops=&#8221;#5f7158 0%|rgba(95,113,88,0.95) 100%&#8221; background_color_gradient_overlays_image=&#8221;on&#8221; background_image=&#8221;https:\/\/alvstalodges.se\/wp-content\/uploads\/2025\/06\/Patterns1_7.svg&#8221; background_size=&#8221;custom&#8221; background_image_width=&#8221;30%&#8221; background_repeat=&#8221;repeat&#8221; custom_margin=&#8221;0px||0px||false|false&#8221; custom_padding=&#8221;50px||150px||false|false&#8221; top_divider_height=&#8221;50px&#8221; top_divider_repeat=&#8221;2x&#8221; top_divider_flip=&#8221;horizontal&#8221; bottom_divider_height=&#8221;50px&#8221; bottom_divider_repeat=&#8221;2x&#8221; bottom_divider_flip=&#8221;horizontal&#8221; hover_enabled=&#8221;0&#8243; border_radii=&#8221;off||||&#8221; global_colors_info=&#8221;{}&#8221; sticky_enabled=&#8221;0&#8243;][et_pb_row column_structure=&#8221;1_2,1_2&#8243; _builder_version=&#8221;4.27.4&#8243; _module_preset=&#8221;default&#8221; width=&#8221;90%&#8221; max_width=&#8221;1200px&#8221; custom_margin=&#8221;40px||0px||false|false&#8221; custom_padding=&#8221;||||false|false&#8221; global_colors_info=&#8221;{}&#8221;][et_pb_column type=&#8221;1_2&#8243; _builder_version=&#8221;4.27.4&#8243; _module_preset=&#8221;default&#8221; background_color=&#8221;#E4E9E2&#8243; custom_padding=&#8221;60px|60px|60px|60px|false|false&#8221; border_radii=&#8221;on|25px|25px|25px|25px&#8221; global_colors_info=&#8221;{}&#8221;][et_pb_blurb title=&#8221;Bericht verzonden!&#8221; image=&#8221;https:\/\/alvstalodges.se\/wp-content\/uploads\/2025\/06\/icons8-send-email.svg&#8221; icon_alignment=&#8221;left&#8221; _builder_version=&#8221;4.27.4&#8243; _module_preset=&#8221;default&#8221; max_width=&#8221;300px&#8221; module_alignment=&#8221;center&#8221; custom_margin=&#8221;40px||80px||false|false&#8221; global_colors_info=&#8221;{}&#8221;]<\/p>\n<p>Je bericht is succesvol verzonden naar het opgegeven e-mailadres. We beantwoorden je zo snel mogelijk\u2026 meestal binnen \u00e9\u00e9n \u00e0 twee werkdagen. <\/p>\n<p>[\/et_pb_blurb][et_pb_button button_url=&#8221;@ET-DC@eyJkeW5hbWljIjp0cnVlLCJjb250ZW50IjoicG9zdF9saW5rX3VybF9wYWdlIiwic2V0dGluZ3MiOnsicG9zdF9pZCI6IjE0ODciLCJlbmFibGVfaHRtbCI6Im9mZiJ9fQ==@&#8221; button_text=&#8221;Terug naar de website&#8221; button_alignment=&#8221;center&#8221; _builder_version=&#8221;4.27.4&#8243; _dynamic_attributes=&#8221;button_url&#8221; _module_preset=&#8221;default&#8221; custom_button=&#8221;on&#8221; button_text_size=&#8221;14px&#8221; button_text_color=&#8221;#4F5E49&#8243; button_border_width=&#8221;2px&#8221; button_border_color=&#8221;#4F5E49&#8243; button_border_radius=&#8221;25px&#8221; button_font=&#8221;|700|||||||&#8221; button_use_icon=&#8221;off&#8221; custom_margin=&#8221;40px||||false|false&#8221; custom_padding=&#8221;20px|30px|20px|30px|false|false&#8221; hover_enabled=&#8221;0&#8243; custom_css_main_element=&#8221;width: 100%;||max-width: 460px;&#8221; global_colors_info=&#8221;{}&#8221; button_text_color__hover=&#8221;#E4E9E2&#8243; button_text_color__hover_enabled=&#8221;on|hover&#8221; button_bg_color__hover=&#8221;#4F5E49&#8243; button_bg_color__hover_enabled=&#8221;on|hover&#8221; sticky_enabled=&#8221;0&#8243;][\/et_pb_button][\/et_pb_column][et_pb_column type=&#8221;1_2&#8243; _builder_version=&#8221;4.27.4&#8243; _module_preset=&#8221;default&#8221; background_color=&#8221;#4F5E49&#8243; custom_padding=&#8221;60px|60px|60px|60px|false|false&#8221; border_radii=&#8221;on|25px|25px|25px|25px&#8221; global_colors_info=&#8221;{}&#8221;][et_pb_image src=&#8221;https:\/\/alvstalodges.se\/wp-content\/uploads\/2025\/03\/logo_alvstalodges_light.svg&#8221; title_text=&#8221;logo_alvstalodges_light&#8221; _builder_version=&#8221;4.27.4&#8243; _module_preset=&#8221;default&#8221; max_width=&#8221;300px&#8221; module_alignment=&#8221;center&#8221; global_colors_info=&#8221;{}&#8221;][\/et_pb_image][et_pb_text _builder_version=&#8221;4.27.4&#8243; _module_preset=&#8221;default&#8221; text_text_color=&#8221;#FFFFFF&#8221; link_text_color=&#8221;#FFFFFF&#8221; header_3_text_color=&#8221;#E4E9E2&#8243; text_orientation=&#8221;center&#8221; global_colors_info=&#8221;{}&#8221;]<\/p>\n<p><a href=\"mailto:info@alvstalodges.se\"> info@alvstalodges.se <\/a><\/p>\n<p><a><\/a><a href=\"tel:+46705549830\">+46 (0)70-554 98 30  <\/a><\/p>\n<p><a><\/a><a href=\"https:\/\/www.google.com\/maps\/place\/%C3%84lvstalodges\/@61.9643474,17.2518793,17z\/data=!4m18!1m8!3m7!1s0x4664105bff1dad9b:0xda423186759514bb!2s%C3%84lvstagatan+5,+829+96+J%C3%A4ttendal!3b1!8m2!3d61.9643474!4d17.2518793!16s%2Fg%2F11cncg3zr2!3m8!1s0x4664105bff081343:0x78470da48730fdc8!5m2!4m1!1i2!8m2!3d61.9643339!4d17.2518857!16s%2Fg%2F1hc75pts_?entry=ttu&amp;g_ep=EgoyMDI1MDYwMS4wIKXMDSoASAFQAw%3D%3D\" target=\"_blank\" rel=\"noopener noreferrer\">\u00c4lvstagatan 5<br \/>829 96 J\u00e4ttendal<\/a><br \/><a href=\"https:\/\/www.google.com\/maps\/place\/%C3%84lvstalodges\/@61.9643474,17.2518793,17z\/data=!4m18!1m8!3m7!1s0x4664105bff1dad9b:0xda423186759514bb!2s%C3%84lvstagatan+5,+829+96+J%C3%A4ttendal!3b1!8m2!3d61.9643474!4d17.2518793!16s%2Fg%2F11cncg3zr2!3m8!1s0x4664105bff081343:0x78470da48730fdc8!5m2!4m1!1i2!8m2!3d61.9643339!4d17.2518857!16s%2Fg%2F1hc75pts_?entry=ttu&amp;g_ep=EgoyMDI1MDYwMS4wIKXMDSoASAFQAw%3D%3D\" target=\"_blank\" rel=\"noopener noreferrer\">Sweden<\/a><\/p>\n<p>[\/et_pb_text][et_pb_social_media_follow icon_color=&#8221;#4F5E49&#8243; use_icon_font_size=&#8221;on&#8221; icon_font_size=&#8221;20px&#8221; _builder_version=&#8221;4.27.4&#8243; _module_preset=&#8221;default&#8221; background_color=&#8221;RGBA(255,255,255,0)&#8221; text_orientation=&#8221;center&#8221; custom_padding=&#8221;||||false|false&#8221; border_radii=&#8221;on|6px|6px|6px|6px&#8221; global_colors_info=&#8221;{}&#8221;][et_pb_social_media_follow_network social_network=&#8221;facebook&#8221; url=&#8221;https:\/\/facebook.com\/Alvstalodges\/&#8221; _builder_version=&#8221;4.27.4&#8243; _module_preset=&#8221;default&#8221; background_color=&#8221;#E4E9E2&#8243; background_enable_color=&#8221;on&#8221; custom_margin=&#8221;|10px|||false|false&#8221; custom_padding=&#8221;10px|10px|10px|10px|false|false&#8221; global_colors_info=&#8221;{}&#8221; follow_button=&#8221;off&#8221; url_new_window=&#8221;on&#8221;]facebook[\/et_pb_social_media_follow_network][et_pb_social_media_follow_network social_network=&#8221;instagram&#8221; url=&#8221;https:\/\/instagram.com\/alvstalodges&#8221; _builder_version=&#8221;4.27.4&#8243; _module_preset=&#8221;default&#8221; background_color=&#8221;#E4E9E2&#8243; background_enable_color=&#8221;on&#8221; custom_padding=&#8221;10px|10px|10px|10px|false|false&#8221; global_colors_info=&#8221;{}&#8221; follow_button=&#8221;off&#8221; url_new_window=&#8221;on&#8221;]instagram[\/et_pb_social_media_follow_network][\/et_pb_social_media_follow][et_pb_image src=&#8221;https:\/\/alvstalodges.se\/wp-content\/uploads\/2025\/05\/alvstalodges_32-scaled.webp&#8221; title_text=&#8221;alvstalodges_32&#8243; _builder_version=&#8221;4.27.4&#8243; _module_preset=&#8221;default&#8221; hover_enabled=&#8221;0&#8243; border_radii=&#8221;on|25px|25px|25px|25px&#8221; global_colors_info=&#8221;{}&#8221; custom_margin=&#8221;80px||||false|false&#8221; sticky_enabled=&#8221;0&#8243;][\/et_pb_image][\/et_pb_column][\/et_pb_row][\/et_pb_section][et_pb_section fb_built=&#8221;1&#8243; module_id=&#8221;contact&#8221; _builder_version=&#8221;4.27.4&#8243; _module_preset=&#8221;default&#8221; background_color=&#8221;#4F5E49&#8243; use_background_color_gradient=&#8221;on&#8221; background_color_gradient_stops=&#8221;#4f5e49 0%|rgba(79,94,73,0.94) 100%&#8221; background_color_gradient_overlays_image=&#8221;on&#8221; background_image=&#8221;https:\/\/alvstalodges.se\/wp-content\/uploads\/2025\/06\/Patterns2_1.svg&#8221; background_enable_image=&#8221;off&#8221; background_size=&#8221;custom&#8221; background_image_width=&#8221;50%&#8221; background_repeat=&#8221;repeat&#8221; width_last_edited=&#8221;off|phone&#8221; custom_margin=&#8221;0px||0px||false|false&#8221; custom_padding=&#8221;0px||0px||false|false&#8221; saved_tabs=&#8221;all&#8221; global_colors_info=&#8221;{}&#8221;][et_pb_row use_custom_gutter=&#8221;on&#8221; gutter_width=&#8221;4&#8243; make_equal=&#8221;on&#8221; _builder_version=&#8221;4.27.4&#8243; _module_preset=&#8221;default&#8221; background_color=&#8221;#131712&#8243; width=&#8221;100%&#8221; max_width=&#8221;100%&#8221; custom_margin=&#8221;40px||0px||false|false&#8221; custom_padding=&#8221;0px||0px||false|false&#8221; global_colors_info=&#8221;{}&#8221;][et_pb_column type=&#8221;4_4&#8243; _builder_version=&#8221;4.27.4&#8243; _module_preset=&#8221;default&#8221; background_color=&#8221;RGBA(255,255,255,0)&#8221; custom_padding=&#8221;60px|60px|60px|60px|false|false&#8221; border_radii=&#8221;on|25px|25px|25px|25px&#8221; global_colors_info=&#8221;{}&#8221;][et_pb_text _builder_version=&#8221;4.27.4&#8243; _dynamic_attributes=&#8221;content&#8221; _module_preset=&#8221;default&#8221; text_text_color=&#8221;#FFFFFF&#8221; link_text_color=&#8221;#FFFFFF&#8221; header_3_text_color=&#8221;#E4E9E2&#8243; text_orientation=&#8221;center&#8221; custom_margin=&#8221;0px||0px||false|false&#8221; custom_padding=&#8221;0px||0px||false|false&#8221; global_colors_info=&#8221;{}&#8221;]@ET-DC@eyJkeW5hbWljIjp0cnVlLCJjb250ZW50IjoiY3VycmVudF9kYXRlIiwic2V0dGluZ3MiOnsiYmVmb3JlIjoiXHUwMGE5ICIsImFmdGVyIjoiIC0gXHUwMGM0bHZzdGFsb2RnZXMgQUIiLCJkYXRlX2Zvcm1hdCI6ImN1c3RvbSIsImN1c3RvbV9kYXRlX2Zvcm1hdCI6IlkiLCJlbmFibGVfaHRtbCI6Im9mZiJ9fQ==@[\/et_pb_text][et_pb_text _builder_version=&#8221;4.27.4&#8243; _module_preset=&#8221;default&#8221; text_text_color=&#8221;#FFFFFF&#8221; link_text_color=&#8221;#FFFFFF&#8221; header_3_text_color=&#8221;#E4E9E2&#8243; text_orientation=&#8221;center&#8221; custom_margin=&#8221;10px||0px||false|false&#8221; custom_padding=&#8221;0px||0px||false|false&#8221; link_option_url=&#8221;https:\/\/wimmees.com&#8221; link_option_url_new_window=&#8221;on&#8221; global_colors_info=&#8221;{}&#8221;]<\/p>\n<div class=\"credit\">Made with <img decoding=\"async\" src=\"https:\/\/alvstalodges.se\/wp-content\/uploads\/2025\/06\/icons8-heart.svg\" width=\"16\" height=\"16\" alt=\"\" class=\"wp-image-23365191 alignnone size-medium\"> by Design Studio Wim Mees<\/div>\n<p>[\/et_pb_text][\/et_pb_column][\/et_pb_row][\/et_pb_section]<\/p>\n","protected":false},"excerpt":{"rendered":"<p>Je bericht is succesvol verzonden naar het opgegeven e-mailadres. We beantwoorden je zo snel mogelijk\u2026 meestal binnen \u00e9\u00e9n \u00e0 twee werkdagen. info@alvstalodges.se +46 (0)70-554 98 30 \u00c4lvstagatan 5829 96 J\u00e4ttendalSwedenMade with by Design Studio Wim Mees<\/p>\n","protected":false},"author":4,"featured_media":0,"parent":0,"menu_order":0,"comment_status":"closed","ping_status":"closed","template":"","meta":{"_et_pb_use_builder":"on","_et_pb_old_content":"","_et_gb_content_width":"","footnotes":""},"dipi_cpt_category":[],"class_list":["post-23365551","page","type-page","status-publish","hentry"],"_links":{"self":[{"href":"https:\/\/alvstalodges.se\/nl\/wp-json\/wp\/v2\/pages\/23365551","targetHints":{"allow":["GET"]}}],"collection":[{"href":"https:\/\/alvstalodges.se\/nl\/wp-json\/wp\/v2\/pages"}],"about":[{"href":"https:\/\/alvstalodges.se\/nl\/wp-json\/wp\/v2\/types\/page"}],"author":[{"embeddable":true,"href":"https:\/\/alvstalodges.se\/nl\/wp-json\/wp\/v2\/users\/4"}],"replies":[{"embeddable":true,"href":"https:\/\/alvstalodges.se\/nl\/wp-json\/wp\/v2\/comments?post=23365551"}],"version-history":[{"count":2,"href":"https:\/\/alvstalodges.se\/nl\/wp-json\/wp\/v2\/pages\/23365551\/revisions"}],"predecessor-version":[{"id":23365553,"href":"https:\/\/alvstalodges.se\/nl\/wp-json\/wp\/v2\/pages\/23365551\/revisions\/23365553"}],"wp:attachment":[{"href":"https:\/\/alvstalodges.se\/nl\/wp-json\/wp\/v2\/media?parent=23365551"}],"wp:term":[{"taxonomy":"dipi_cpt_category","embeddable":true,"href":"https:\/\/alvstalodges.se\/nl\/wp-json\/wp\/v2\/dipi_cpt_category?post=23365551"}],"curies":[{"name":"wp","href":"https:\/\/api.w.org\/{rel}","templated":true}]}}